{"id":17180,"date":"2018-06-12T05:31:02","date_gmt":"2018-06-12T05:31:02","guid":{"rendered":"http:\/\/wellington.ro\/?page_id=17180"},"modified":"2018-06-18T12:01:30","modified_gmt":"2018-06-18T12:01:30","slug":"dataprotection","status":"publish","type":"page","link":"https:\/\/wellington.ro\/en\/dataprotection\/","title":{"rendered":"(Rom\u00e2n\u0103) Politica de confidentialitate privind prelucararea datelor personale"},"content":{"rendered":"<p>[vc_row][vc_column width=&#8221;1\/1&#8243;][vc_column_text][vc_column_text]<\/p>\n<p>I am text block. Click edit button to change this text. Lorem ipsum dolor sit amet, consectetur adipiscing elit. Ut elit tellus, luctus nec ullamcorper mattis, pulvinar dapibus leo.<\/p>\n<p>[\/vc_column_text][\/vc_column_text][vc_separator type=&#8221;normal&#8221; position=&#8221;center&#8221;][\/vc_column][\/vc_row][vc_row][vc_column width=&#8221;1\/1&#8243;][vc_column_text]<\/p>\n<ol>\n<li>\n<ol>\n<li>Cui se aplic\u0103 aceast\u0103 Not\u0103 de Informare?<\/li>\n<\/ol>\n<p>Prezenta Not\u0103 de informare se aplic\u0103 prelucr\u0103rii datelor cu caracter personal ale:<\/p>\n<ul>\n<li>Partenerilor no\u015ftri contractuali precum furnizori, clien\u021bi (\u201eParteneri comerciali\u201d);<\/li>\n<li>Vizitatorilor \u0219i utilizatorilor site-ului nostru http:\/\/www.wellington.ro (\u201eUtilizatori\u201d);<\/li>\n<\/ul>\n<ol start=\"2\">\n<li>Ce date colect\u0103m despre dumneavoastr\u0103?<\/li>\n<\/ol>\n<p>Colect\u0103m \u0219i prelucr\u0103m datele dumneavoastr\u0103 cu caracter personal astfel:<\/p>\n<ul>\n<li>din informa\u021biile pe care ni le furniza\u021bi prin completarea formularului din pagina de Contact de pe site-ul nostru;<\/li>\n<li>prin coresponden\u021ba cu noi prin telefon, e-mail sau \u00een orice alt\u0103 modalitate.<\/li>\n<\/ul>\n<p>Informa\u021biile pe care ni le furniza\u021bi pot include numele, adresa de e-mail \u0219i num\u0103rul de telefon, compania, precum \u0219i alte informa\u021bii, dup\u0103 caz.<\/p>\n<p>Prin activitatea desf\u0103\u0219urat\u0103 pe site, nu vom colecta sau prelucra date cu caracter personal sensibile legate de dumneavoastr\u0103 (i.e. informa\u021bii despre originea rasial\u0103 sau etnic\u0103, opiniile politice, confesiunea religioas\u0103 sau convingerile filozofice, s\u0103n\u0103tatea, via\u021ba sexual\u0103 sau orientarea sexual\u0103), cu excep\u021bia cazului \u00een care:<\/p>\n<ul>\n<li>suntem obliga\u021bi s\u0103 facem acest lucru prin lege; \u0219i\/sau<\/li>\n<li>\u00een cazul \u00een care ne-a\u021bi furnizat consim\u021b\u0103m\u00e2ntul dumneavoastr\u0103 explicit \u00een mod separat.<\/li>\n<\/ul>\n<p>\u00cen cazul \u00een care ne furniza\u021bi \u00een mod voluntar date cu caracter personal (inclusiv date cu caracter personal sensibile) prin interac\u021biunea dumneavoastr\u0103 cu site-ul http:\/\/www.wellington.ro sau prin coresponden\u021ba cu noi prin telefon, e-mail sau \u00een orice alt\u0103 modalitate, din proprie voin\u021b\u0103 \u0219i nu la cererea noastr\u0103, vom \u0219terge astfel de date cu caracter personal din sistemele noastre dac\u0103 nu consider\u0103m c\u0103 prelucrarea acestora este necesar\u0103 pentru un scop legitim al WELLINGTON, cu excep\u021bia cazului \u00een care a\u021bi f\u0103cut aceste date publice (de exemplu, \u00eentr-un forum de mesaje care este vizibil publicului), caz \u00een care vom \u0219terge aceste date de pe site-ul http:\/\/www.wellington.ro numai dac\u0103 legea impune astfel sau dac\u0103 nu dorim s\u0103 le p\u0103str\u0103m.<\/p>\n<p>De fiecare dat\u0103 c\u00e2nd vizita\u021bi site-ul http:\/\/www.wellington.ro, colect\u0103m automat urm\u0103toarele date:<\/p>\n<p>o date tehnice, de exemplu acest lucru poate include Adresa Internet Protocol (IP) utilizat\u0103 pentru conectarea calculatorului dumneavoastr\u0103 la internet, informa\u021biile de conectare, tipul \u0219i versiunea de browser, setarea fusului orar, tipurile \u0219i versiunile extensiilor de browser (plug-in), sistemul \u0219i platforma de operare, tipul dispozitivului \u0219i marca dispozitivului mobil; aceste date sunt colectate \u0219i prelucrate \u00een numele nostru, prin fi\u015fierele de tip cookie ale ter\u021belor p\u0103r\u021bi \u0219i pute\u021bi g\u0103si mai multe informa\u021bii despre acest lucru la adresa Politica privind utilizarea fi\u0219ierelor cookie<\/p>\n<ul>\n<li>date despre vizita dumneavoastr\u0103, de exemplu acest lucru poate include date despre URL, secven\u021b\u0103 de clicuri c\u0103tre, prin \u0219i de la site-ul http:\/\/www.wellington.ro (inclusiv data \u0219i ora), informa\u021biile sau produsele pe care le-a\u021bi vizualizat sau c\u0103utat pe site.<\/li>\n<\/ul>\n<p>\u00cen cazul \u00een care ob\u021binem datele dumneavoastr\u0103 cu caracter personal de la o ter\u021b\u0103 parte, v\u0103 vom furniza toate informa\u021biile relevante despre prelucrarea acestora c\u00e2t mai cur\u00e2nd posibil, dar nu mai t\u00e2rziu de o lun\u0103 de la ob\u021binerea datelor dumneavoastr\u0103 cu caracter personal.<\/p>\n<ol start=\"3\">\n<li>Care sunt scopurile prelucrarii datelor cu caracter personal si care este temeiul juridic al prelucr\u0103rii?<\/li>\n<\/ol>\n<p>Putem prelucra datele dumneavoastr\u0103 cu caracter personal \u00een urm\u0103toarele cazuri:<\/p>\n<ul>\n<li>atunci c\u00e2nd trebuie s\u0103 \u00eentreprindem m\u0103surile necesare pentru a \u00eencheia un contract cu dumneavoastr\u0103;<\/li>\n<li>atunci c\u00e2nd trebuie s\u0103 execut\u0103m un contract pe care l-am \u00eencheiat cu dumneavoastr\u0103;<\/li>\n<li>atunci c\u00e2nd trebuie s\u0103 respect\u0103m o obliga\u021bie legal\u0103 (i.e. legile aplicabile \u00een rela\u0163iile de munc\u0103, contabilitate, audit);<\/li>\n<li>atunci c\u00e2nd este necesar pentru interesele noastre legitime (sau pentru cele ale unei ter\u021be p\u0103r\u021bi) \u0219i pentru interesele dumneavoastr\u0103 (i.e. pentru detectarea \u0219i prevenirea fraudei sau pentru asigurarea securit\u0103\u021bii IT \u0219i a re\u021belei informatice), cu excep\u021bia cazului \u00een care drepturile dumneavoastr\u0103 fundamentale prevaleaz\u0103 fa\u021b\u0103 de aceste interese;<\/li>\n<li>\u00een cazul \u00een care este necesar pentru interesul public sau \u00een scopuri oficiale.<\/li>\n<li>Prelucr\u0103m datele dumneavoastr\u0103 cu caracter personal pentru diverse motive tehnice, administrative \u0219i opera\u021bionale, cum ar fi:<\/li>\n<li>pentru a ne asigura de prezentarea con\u021binutului \u00een modul cel mai eficient pentru dumneavoastr\u0103;<\/li>\n<li>pentru a \u00eembun\u0103t\u0103\u021bi site-ul http:\/\/www.wellington.ro , inclusiv func\u021bionalitatea acestuia;<\/li>\n<li>pentru administrarea site-ului http:\/\/www.wellington.ro ;<\/li>\n<li>pentru opera\u021biunile interne, inclusiv \u00een scopuri de depanare, analiz\u0103 a datelor, testare, cercetare, statistic\u0103 \u0219i de cercetare;<\/li>\n<li>pentru a p\u0103stra site-ul http:\/\/www.wellington.ro \u00een condi\u021bii de siguran\u021b\u0103;<\/li>\n<li>pentru publicitate \u0219i marketing, inclusiv pentru scopuri de marketing specific, astfel \u00eenc\u00e2t s\u0103 oferim un con\u021binut, inclusiv un con\u021binut personalizat, care ar putea fi de interes mai mare pentru dumneavoastr\u0103.<\/li>\n<\/ul>\n<p>\u00cen unele cazuri, vom prelucra datele dumneavoastr\u0103 cu caracter personal doar cu consim\u021b\u0103m\u00e2ntul dumneavoastr\u0103 (i.e. \u00een cazuri de publicitate \u0219i marketing). \u00cen aceste cazuri, v\u0103 vom solicita separat consim\u021b\u0103m\u00e2ntul dumneavoastr\u0103, \u00een mod transparent, atunci c\u00e2nd furniza\u021bi datele dumneavoastr\u0103 cu caracter personal. Ulterior, v\u0103 pute\u021bi retrage consim\u021b\u0103m\u00e2ntul, \u00een orice moment, trimi\u021b\u00e2nd o solicitare la adresa de e-mail dpo@wellington.ro. Retragerea consim\u0163\u0103m\u00e2ntului nu va afecta legalitatea prelucr\u0103rii care a avut loc \u00eenainte de retragerea acestuia.<\/p>\n<p>Atunci c\u00e2nd solicit\u0103m date cu caracter personal pentru a respecta obliga\u021bii legale sau contractuale, furnizarea acestor date cu caracter personal de c\u0103tre dumneavoastr\u0103 este obligatorie. Acest lucru \u00eenseamn\u0103 c\u0103, dac\u0103 astfel de date cu caracter personal nu sunt furnizate, nu vom putea s\u0103 gestion\u0103m rela\u021biile contractuale sau s\u0103 respect\u0103m obliga\u021biile legale ce ne sunt impuse. \u00cen toate celelalte cazuri, furnizarea de date cu caracter personal este op\u021bional\u0103 \u0219i nu ave\u021bi obliga\u021bia de a le furniza.<\/p>\n<p>Putem prelucra datele dumneavoastr\u0103 cu caracter personal, precum datele de identificare, datele de contact \u0219i adresa de re\u0219edin\u021b\u0103, \u00een scopul posibilei exercit\u0103ri a drepturilor sau a reclama\u021biilor noastre \u00eempotriva dumneavoastr\u0103 \u00een viitor. Aceast\u0103 prelucrare se bazeaz\u0103 pe interesul nostru legitim, fiind necesar s\u0103 ne exercit\u0103m drepturile \u00een cazul unor eventuale litigii.<\/p>\n<p>Concret, vom folosi informa\u021biile dumneavoastr\u0103 cu caracter personal astfel:<\/p>\n<p><strong>Utilizatori \u0219i clien\u021bi:<\/strong><\/p>\n<p>\u00cen scopul furniz\u0103rii serviciilor, a livr\u0103rii de bunuri \u0219i efectu\u0103rii pl\u0103\u021bilor \u00een baza contractelor relevante, v\u0103 putem prelucra datele cu caracter personal, cum ar fi datele de identificare, datele de contact, datele bancare.<\/p>\n<p>Aceast\u0103 prelucrare se bazeaz\u0103 pe<\/p>\n<ul>\n<li>Executarea unui contract la care Utilizatorii (\u00een special clien\u021bii) sunt parte, sau<\/li>\n<li>O obliga\u021bie legal\u0103 care ne este impus\u0103.<\/li>\n<\/ul>\n<p>Putem prelucra datele cu caracter personal astfel \u00eenc\u00e2t s\u0103 v\u0103 putem oferi informa\u021bii despre bunuri sau servicii care consider\u0103m c\u0103 v\u0103 intereseaz\u0103. Dac\u0103 sunte\u021bi un client existent, v\u0103 vom contacta numai prin e-mail, cu informa\u021bii despre bunuri \u0219i servicii similare cu cele care au f\u0103cut obiectul unei v\u00e2nz\u0103ri anterioare sau cu informatii privind principalele stiri din domeniul economic si de business, asa cum sunt reflectate in mass media prin intermediul newsletter-ului saptamanal.<\/p>\n<p>Dac\u0103 sunte\u021bi un client nou, v\u0103 vom contacta prin mijloace electronice numai dac\u0103 avem acordul dumneavoastr\u0103 prealabil. Dac\u0103 nu dori\u021bi s\u0103 v\u0103 folosim datele \u00een acest fel, bifa\u021bi caseta corespunz\u0103toare din formularul prin care colect\u0103m datele dumneavoastr\u0103 formularul de Contact \u00een contul de utilizator.<\/p>\n<p>Nu vom transmite datele dumneavoastr\u0103 cu caracter personal unor ter\u021be p\u0103r\u021bi, \u00een scopuri de marketing, f\u0103r\u0103 consim\u021b\u0103m\u00e2ntul dumneavoastr\u0103 explicit \u00een acest sens.<\/p>\n<p>Putem, de asemenea, s\u0103 v\u0103 folosim datele cu caracter personal pentru a m\u0103sura sau a \u00een\u021belege con\u021binutul preferat legat produsele noastre; \u0219i pentru a face sugestii \u0219i recomand\u0103ri dumneavoastr\u0103 \u0219i altor Utilizatori ai site-ului nostru despre produse care ar putea s\u0103 v\u0103 intereseze pe dumneavoastr\u0103 sau pe ace\u0219tia.<\/p>\n<p>Candida\u021bi la job-urile publicate de WELLINGTON:<\/p>\n<p>\u00cen leg\u0103tur\u0103 cu participarea dumneavoatr\u0103 la procesul de recrutare \u0219i selec\u021bie pentru unul sau mai multe din job-urile men\u021bionate ca disponibile, \u00een cadrul WELLINGTON , v\u0103 putem colecta \u0219i prelucra datele cu caracter personal, (i.e. datele din CV-ul pe care ni-l trimie\u021bi), \u00een scopul selec\u021biei, evalu\u0103rii competen\u021belor profesionale pentru job-ul\/job-urile la care aplica\u021bi, precum \u0219i pentru comunicarea cu dumneavoastr\u0103, pe parcursul derul\u0103rii procesului de recrutare.<\/p>\n<p>Aceast\u0103 prelucrare se bazeaz\u0103 pe interesul legitim al WELLINGTON.<\/p>\n<ol start=\"4\">\n<li>Cui transmitem datele cu caracter personal?<\/li>\n<\/ol>\n<p>WELLINGTON nu va transmite (prin vanzare sau inchiriere) catre terte parti informatiile dvs. cu caracter personal.<\/p>\n<p>\u00cen cadrul WELLINGTON, membrii personalului care folosesc datele dumneavoastra cu caracter personal sunt supu\u0219i unor obliga\u021bii de confiden\u021bialitate cu privire la datele cu caracter personal. Membrii personalului WELLINGTON au dreptul s\u0103 gestioneze datele cu caracter personal numai pe baza instruc\u021biunilor comunicate de WELLINGTON, \u00een leg\u0103tur\u0103 cu responsabilit\u0103\u021bile de serviciu.<\/p>\n<p>M\u0103suri tehnice \u0219i organizatorice adecvate sunt luate pentru protec\u021bia datelor cu caracter personal. Acest site foloseste masuri de securitate impotriva pierderii, alterarii sau folosirii gresite a informatiilor care se afla in controlul nostru. WELLINGTON nu isi asuma insa responsabilitatea pentru pierderile de informatii cauzate de erori ale softului cu care este conceput si gazduit site-ul. De asemenea nu raspundem pentru erorile in securitatea serverului care gazduieste site-ul.<\/p>\n<p>Datele cu caracter personal pot fi comunicate autorit\u0103\u021bilor guvernamentale, autorit\u0103\u021bilor fiscale \u0219i\/sau organelor de aplicare a legii, dac\u0103 acest lucru este impus de legile aplicabile sau dac\u0103 este necesar pentru exercitarea drepturilor noastre, inclusiv a condi\u021biilor de utilizare, sau pentru protejarea intereselor noastre legitime (inclusiv a intereselor legitime ale unor ter\u021be p\u0103r\u021bi) \u00een conformitate cu legile aplicabile.<\/p>\n<p>WELLINGTON efecuteaz\u0103 o evaluare prealabil\u0103 adecvat\u0103 \u00een selectarea ter\u021belor p\u0103r\u021bi furnizori de servicii \u0219i impune acestor furnizori de servicii s\u0103 men\u021bin\u0103 m\u0103suri de securitate tehnice \u0219i organizatorice adecvate \u00een vederea protej\u0103rii datelor cu caracter personal \u0219i pentru a prelucra datele cu caracter personal numai conform instruc\u021biunilor specificate de WELLINGTON. Furnizorii de servicii vor avea dreptul s\u0103 utilizeze subcontractan\u021bi \u00een furnizarea serviciilor c\u0103tre WELLINGTON, cu condi\u021bia ca fiecare subcontractant s\u0103 respecte acelea\u0219i obliga\u021bii de protec\u021bie a datelor ca \u0219i furnizorii de servicii.<\/p>\n<ol start=\"5\">\n<li>Care este perioada de p\u0103strare a datelor cu caracter personal?<\/li>\n<\/ol>\n<p>Vom p\u0103stra datele dumneavoastr\u0103 cu caracter personal pentru perioada necesar\u0103 pentru a \u00eendeplini scopurile enumerate \u00een prezenta Politic\u0103 sau pentru perioada impus\u0103 de legisla\u021bia na\u021bional\u0103 aplicabil\u0103, \u00een conformitate cu perioadele minime legale de p\u0103strare aplicabile \u0219i\/sau at\u00e2t c\u00e2t este necesar pentru a ne exercita drepturile legitime (\u0219i drepturile legitime ale altor persoane).<\/p>\n<p>\u00cen cazul \u00een care sunte\u021bi Client v\u0103 vom p\u0103stra datele dumneavoastr\u0103 cu caracter personal pe perioada exercit\u0103rii rela\u021biei contractuale cu dumneavoastr\u0103.<\/p>\n<p>\u00cen cazul \u00een care avem o rela\u021bie cu dumneavoastr\u0103 \u00een calitate de Partener vom continua s\u0103 p\u0103str\u0103m aceste date cu caracter personal p\u00e2n\u0103 la \u00eencetarea rela\u021biei noastre \u0219i pentru perioada minim\u0103 de p\u0103strare impus\u0103 de lege.<\/p>\n<p>\u00cen cazul \u00een care sunte\u021bi abonat la newsletter-ul nostru s\u0103pt\u0103m\u00e2nal, vom p\u0103stra datele dumneavoastr\u0103 cu caracter personal at\u00e2ta timp c\u00e2t dumneavoastr\u0103 dori\u021bi s\u0103 primi\u021bi aceste informa\u021bii.<\/p>\n<p>\u00cen cazul \u00een care prelucr\u0103m datele dumneavoastr\u0103 cu caracter personal \u00een temeiul consim\u021b\u0103m\u00e2ntului dumneavoastr\u0103, aceste date cu caracter personal vor fi prelucrate numai pentru perioada prev\u0103zut\u0103 prin consim\u021b\u0103m\u00e2ntul dumneavoastr\u0103, cu excep\u021bia cazului \u00een care v\u0103 retrage\u021bi sau limita\u021bi consim\u021b\u0103m\u00e2ntul \u00eenainte de expirarea acestei perioade. \u00cen astfel de cazuri, vom \u00eenceta prelucrarea datelor cu caracter personal respective \u00een scopurile relevante, sub rezerva oric\u0103rei obliga\u021bii legale de a prelucra aceste date cu caracter personal \u0219i\/sau a nevoii noastre de a prelucra aceste date cu caracter personal \u00een scopul exercit\u0103rii drepturilor noastre legitime (inclusiv a drepturilor legitime ale altor persoane).<\/p>\n<ol start=\"6\">\n<li>Stocarea datelor personale \u0219i transferul datelor personale \u00een afara \u021b\u0103rii<\/li>\n<\/ol>\n<p>Site-ul http:\/\/www.wellington.ro este administrat si intretinut de administratorul de system din cadrul companiei, angajat intern si gazduit de serverele companiei CLAUSWEB.<\/p>\n<p>Inten\u021bion\u0103m s\u0103 nu transfer\u0103m datele dumneavoastr\u0103 cu caracter personal \u00een afara SEE dac\u0103 nu exist\u0103 protec\u021bii adecvate, incluz\u00e2nd:<\/p>\n<ul>\n<li>o decizie privind caracterul adecvat emis\u0103 de Comisia European\u0103 cu privire la \u021bara sau \u021b\u0103rile de destina\u021bie;<\/li>\n<li>o certificare \u201escut de confiden\u021bialitate\u201d;<\/li>\n<li>reguli corporatiste obligatorii corespunz\u0103toare;<\/li>\n<li>(un cod de conduit\u0103 aprobat, \u00eempreun\u0103 cu angajamentele obligatorii \u0219i executorii ale operatorului de date sau persoanei \u00eemputernicite de c\u0103tre operatorul de date din \u021bara aflat\u0103 \u00een afara UE \u0219i SEE;<\/li>\n<li>un mecanism de certificare aprobat, \u00eempreun\u0103 cu angajamentul obligatoriu \u0219i executoriu al operatorului de date sau al persoanei \u00eemputernicite de c\u0103tre operatorul de date \u00eentr-o \u021bar\u0103 din afara UE \u0219i SEE de a aplica garan\u021biile corespunz\u0103toare; sau<\/li>\n<li>clauze contractuale standard UE aprobate de Comisia European\u0103.<\/li>\n<\/ul>\n<ol start=\"7\">\n<li>Ce drepturi ave\u021bi?<\/li>\n<\/ol>\n<p>Ave\u021bi urmatoarele drepturi conform legislatiei in domeniu:<\/p>\n<ul>\n<li>Dreptul de v\u0103 confirma dac\u0103 datele dumneavoastr\u0103 cu caracter personal sunt sau nu prelucrate de noi, \u0219i de a v\u0103 furniza o copie a datelor dumneavoastr\u0103 cu caracter personal;<\/li>\n<li>Dreptul de a solicita rectificarea sau stergerea datelor cu caracter personal prelucrate de website-ul http:\/\/www.wellington.ro ;<\/li>\n<li>Dreptul de a solicita restrictionarea datelor personale de procesare de catre website-ul http:\/\/www.wellington.ro;<\/li>\n<li>Dreptul de a v\u0103 opune prelucr\u0103rii datelor cu caracter personal de catre website-ul http:\/\/www.wellington.ro (de exemplu utilizarea prelucr\u0103rii \u00een scopuri de marketing direct);<\/li>\n<li>Dreptul de a solicita portabilitatea datelor cu caracter personal;<\/li>\n<li>Dreptul de a v\u0103 retrage consim\u021b\u0103m\u00e2ntul, \u00een orice moment, f\u0103r\u0103 a afecta legalitatea prelucr\u0103rii efectuate pe baza consim\u021b\u0103m\u00e2ntului \u00eenainte de retragerea acestuia;<\/li>\n<li>Dreptul de a depune o pl\u00e2ngere c\u0103tre Autoritatea Na\u021bional\u0103 de Supraveghere a Prelucr\u0103rii Datelor cu Caracter Personal.<\/li>\n<\/ul>\n<p>V\u0103 rug\u0103m s\u0103 ave\u021bi \u00een vedere faptul c\u0103 drepturile dumneavoastr\u0103 descrise mai sus pot fi limitate \u00een anumite situa\u021bii \u0219i fac obiectul legilor \u0219i reglement\u0103rilor aplicabile privind protec\u021bia datelor cu caracter personal. De exemplu, dreptul de a v\u0103 opune prelucr\u0103rii datelor dumneavoastr\u0103 cu caracter personal poate fi limitat \u00een cazul \u00een care putem demonstra c\u0103 avem motive legitime conving\u0103toare pentru a prelucra datele dumneavoastr\u0103 cu caracter personal care prevaleaz\u0103 fa\u021b\u0103 de interesele dumneavoastr\u0103. Va trebui s\u0103 v\u0103 dovedi\u021bi identitatea \u0219i s\u0103 ne oferi\u021bi alte detalii care s\u0103 ne ajute s\u0103 r\u0103spundem cererii dumneavoastr\u0103.<\/p>\n<p>Nu vom percepe o tax\u0103 pentru a r\u0103spunde cererii dumneavoastr\u0103 cu excep\u021bia cazului \u00een care acest lucru este permis de lege \u0219i, \u00een cazul \u00een care se percepe o astfel de tax\u0103, aceasta va fi rezonabil\u0103 \u0219i propor\u021bional\u0103 cu cererea dumneavoastr\u0103.<\/p>\n<p>Pentru a v\u0103 exercita unul sau mai multe din aceste drepturi, v\u0103 rug\u0103m s\u0103 ne contacta\u021bi la adresa de e-mail\u00a0<a href=\"mailto:dpo@omega-trust.ro\">dpo@wellington.ro<\/a><\/p>\n<ol start=\"8\">\n<li>Securitatea datelor cu caracter personal<\/li>\n<\/ol>\n<p><strong>\u00a0<\/strong>P\u0103str\u0103m datele dumneavoastr\u0103 cu caracter personal pe serverele companiei WELLINGTON, aflate pe teritoriul Romania.<\/p>\n<p>Folosim m\u0103suri tehnice \u0219i organizatorice adecvate, cu scopul de a proteja datele cu caracter personal \u0219i de a \u00eempiedica accesul neautorizat la acestea. Am intrat \u00een rela\u021bii contractuale cu ter\u0163e p\u0103r\u0163i care ofer\u0103 servicii de g\u0103zduire \u0219i aceste contracte includ obliga\u021bii privind securitatea organiza\u021bional\u0103 \u0219i tehnic\u0103 a datelor cu caracter personal.<\/p>\n<p>Sunte\u021bi responsabil pentru p\u0103strarea confiden\u021bialit\u0103\u021bii tuturor mijloacelor de autentificare (de exemplu, username, parole, etc.) utilizate de dumneavoastr\u0103 pentru a accesa p\u0103r\u021bi ale site-ului http:\/\/www.wellington.ro. Transmiterea datelor prin internet nu este complet sigur\u0103. De\u0219i facem tot posibilul pentru a v\u0103 proteja datele, nu putem garanta 100% securitatea datelor dumneavoastr\u0103 transmise pe site-ul nostru; orice transmisie de date personale se face pe propriul dumneavoastr\u0103 risc. Dup\u0103 ce primim datele dumneavoastr\u0103, vom folosi proceduri stricte de securitate pentru a \u00eencerca s\u0103 \u00eempiedic\u0103m accesul neautorizat.<\/p>\n<ol start=\"9\">\n<li>Fi\u0219ierele de tip cookies<\/li>\n<\/ol>\n<p>Site-ul http:\/\/www.wellington.ro utilizeaz\u0103 fi\u0219iere de tip Cookie pentru a v\u0103 oferi o experien\u021b\u0103 mai bun\u0103 atunci c\u00e2nd naviga\u021bi pe siteul nostru. Aceast\u0103 prelucrare se bazeaz\u0103 pe consim\u021b\u0103m\u00e2ntul dumneavoastr\u0103 exprimat pe site sau prin set\u0103rile din browserul dumneavoastr\u0103. Pute\u021bi g\u0103si mai multe informa\u021bii despre fi\u0219ierele de tip cookie la adresa Politica privind utilizarea fi\u0219ierelor cookie<\/p>\n<ol start=\"10\">\n<li>Contact<\/li>\n<\/ol>\n<p>Dac\u0103 ave\u021bi \u00eentreb\u0103ri sau neclarit\u0103\u021bi cu privire la prelucrarea datelor dumneavoastr\u0103 cu caracter personal de c\u0103tre site-ul http:\/\/www.wellington.ro, dac\u0103 dori\u021bi s\u0103 v\u0103 exercita\u021bi unul sau mai multe din drepturile ce v\u0103 revin, ne pute\u021bi contacta la adresa de e-mail dpo@wellington.ro<\/p>\n<p>V\u0103 rug\u0103m s\u0103 nu divulga\u021bi date cu caracter personal sensibile (de exemplu, informa\u021bii legate de originea rasial\u0103 sau etnic\u0103, de opinii politice, de convingeri religioase sau de alt\u0103 natur\u0103, de s\u0103n\u0103tate sau de apartenen\u021b\u0103 la un sindicat), numere de asigurare social\u0103 atunci c\u00e2nd ne contacta\u021bi.<\/p>\n<p>Ultima actualizare: 25 mai 2018.<\/p>\n<p>Not\u0103: Putem actualiza periodic aceast\u0103 Politic\u0103 \u0219i v\u0103 vom notifica orice modificare prin postarea noii variante pe site-ul http:\/\/www.wellington.ro.<\/p>\n<p>V\u0103 rug\u0103m s\u0103 consulta\u021bi periodic pagina dedicat\u0103 Politicii de Confiden\u021bialitate pentru a fi la curent nu noile modific\u0103ri.<\/li>\n<\/ol>\n<p>[\/vc_column_text][\/vc_column][\/vc_row]<\/p>\n","protected":false},"excerpt":{"rendered":"<p>[vc_row][vc_column width=&#8221;1\/1&#8243;][vc_column_text][vc_column_text] I am text block. Click edit button to change this text. Lorem ipsum dolor sit amet, consectetur adipiscing elit. Ut elit tellus, luctus nec ullamcorper mattis, pulvinar dapibus leo. [\/vc_column_text][\/vc_column_text][vc_separator type=&#8221;normal&#8221; position=&#8221;center&#8221;][\/vc_column][\/vc_row][vc_row][vc_column width=&#8221;1\/1&#8243;][vc_column_text] Cui se aplic\u0103 aceast\u0103 Not\u0103 de Informare? Prezenta Not\u0103 de&#8230;<\/p>\n","protected":false},"author":3,"featured_media":0,"parent":0,"menu_order":0,"comment_status":"closed","ping_status":"closed","template":"full_width.php","meta":{"footnotes":""},"_links":{"self":[{"href":"https:\/\/wellington.ro\/en\/wp-json\/wp\/v2\/pages\/17180"}],"collection":[{"href":"https:\/\/wellington.ro\/en\/wp-json\/wp\/v2\/pages"}],"about":[{"href":"https:\/\/wellington.ro\/en\/wp-json\/wp\/v2\/types\/page"}],"author":[{"embeddable":true,"href":"https:\/\/wellington.ro\/en\/wp-json\/wp\/v2\/users\/3"}],"replies":[{"embeddable":true,"href":"https:\/\/wellington.ro\/en\/wp-json\/wp\/v2\/comments?post=17180"}],"version-history":[{"count":9,"href":"https:\/\/wellington.ro\/en\/wp-json\/wp\/v2\/pages\/17180\/revisions"}],"predecessor-version":[{"id":17211,"href":"https:\/\/wellington.ro\/en\/wp-json\/wp\/v2\/pages\/17180\/revisions\/17211"}],"wp:attachment":[{"href":"https:\/\/wellington.ro\/en\/wp-json\/wp\/v2\/media?parent=17180"}],"curies":[{"name":"wp","href":"https:\/\/api.w.org\/{rel}","templated":true}]}}