{"id":15928,"date":"2015-08-26T09:17:06","date_gmt":"2015-08-26T09:17:06","guid":{"rendered":"http:\/\/wellington.ro\/?page_id=15928"},"modified":"2016-02-10T14:44:32","modified_gmt":"2016-02-10T14:44:32","slug":"spiritual","status":"publish","type":"page","link":"https:\/\/wellington.ro\/en\/wellington-programs-2\/spiritual\/","title":{"rendered":"Spiritual"},"content":{"rendered":"<p>[vc_row el_class=&#8221;hero-section&#8221; row_type=&#8221;row&#8221; use_row_as_full_screen_section=&#8221;no&#8221; type=&#8221;full_width&#8221; text_align=&#8221;left&#8221; background_image_as_pattern=&#8221;without_pattern&#8221; background_color=&#8221;#ffffff&#8221;][vc_column width=&#8221;1\/1&#8243;][vc_single_image image=&#8221;15982&#8243; alignment=&#8221;center&#8221; border_color=&#8221;grey&#8221; img_link_target=&#8221;_self&#8221; img_size=&#8221;full&#8221;][\/vc_column][\/vc_row][vc_row row_type=&#8221;row&#8221; use_row_as_full_screen_section=&#8221;no&#8221; type=&#8221;full_width&#8221; text_align=&#8221;left&#8221; background_image_as_pattern=&#8221;without_pattern&#8221; background_color=&#8221;#ffffff&#8221;][vc_column width=&#8221;1\/1&#8243; css=&#8221;.vc_custom_1441700582620{padding-top: 30px !important;padding-bottom: 15px !important;}&#8221;][vc_column_text]<\/p>\n<h1 style=\"text-align: center;\">Spiritual<\/h1>\n<p>[\/vc_column_text][vc_column_text el_class=&#8221;first&#8221;]Exploring spirituality is a unique and special process for each individual. Unfortunately, the human spirit is often the most neglected component of the self. Just like exercise helps the body and keeps it healthy, there are practices that \u201cdrive\u201d the spiritual side. It is that part of us that motivates us, helps us reach the state of inner peace and provides us with resources in hard times. A strong spirit allows us to flourish, evolve and keep our dignity when faced with obstacles.[\/vc_column_text][vc_single_image image=&#8221;15931&#8243; alignment=&#8221;center&#8221; border_color=&#8221;grey&#8221; img_link_target=&#8221;_self&#8221; img_size=&#8221;full&#8221; el_class=&#8221;first-image&#8221;][vc_column_text]Our spiritual wellness programs promote inner reconnaissance techniques, self-awareness and harmonization with the environment that will help the employees:<\/p>\n<ul>\n<li>Discover their purpose in life<\/li>\n<li>Spend more time with themselves and reflect on daily events<\/li>\n<li>Define a sense of justice and act accordingly<\/li>\n<li>Explain the things they believe in or feel<\/li>\n<li>Pay attention to and take care of those around them and the environment<\/li>\n<li>Be more forgiving and sympathetic with the people in their lives<\/li>\n<\/ul>\n<p>Whether it is meditation and yoga sessions or feng shui seminars, spirituality is an important part of a health and balanced life.[\/vc_column_text][\/vc_column][\/vc_row][vc_row row_type=&#8221;row&#8221; use_row_as_full_screen_section=&#8221;no&#8221; type=&#8221;full_width&#8221; text_align=&#8221;left&#8221; background_image_as_pattern=&#8221;without_pattern&#8221;][vc_column width=&#8221;1\/1&#8243; el_class=&#8221;pillars&#8221; css=&#8221;.vc_custom_1439997652010{padding-top: 15px !important;padding-bottom: 15px !important;}&#8221;][vc_column_text]<\/p>\n<h2 style=\"text-align: center; color: black;\">The Wellington programs are based on 7 pillars<\/h2>\n<p>[\/vc_column_text][vc_column_text]<\/p>\n<div class=\"piloni\"><a href=\"\/wellington-programs\/physical\/\"><img decoding=\"async\" loading=\"lazy\" class=\"aligncenter size-full wp-image-16019\" src=\"http:\/\/wellington.ro\/wp-content\/uploads\/2015\/08\/w-pilon_1-physical.png\" alt=\"w-pilon_1-physical\" width=\"106\" height=\"356\" srcset=\"https:\/\/wellington.ro\/wp-content\/uploads\/2015\/08\/w-pilon_1-physical.png 106w, https:\/\/wellington.ro\/wp-content\/uploads\/2015\/08\/w-pilon_1-physical-89x300.png 89w\" sizes=\"(max-width: 106px) 100vw, 106px\" \/><\/a><a href=\"\/wellington-programs\/spiritual\/\"><img decoding=\"async\" loading=\"lazy\" class=\"aligncenter size-full wp-image-16020 pilon-spiritual\" src=\"http:\/\/wellington.ro\/wp-content\/uploads\/2015\/08\/w-pilon_2-spiritual.png\" alt=\"w-pilon_2-spiritual\" width=\"106\" height=\"356\" srcset=\"https:\/\/wellington.ro\/wp-content\/uploads\/2015\/08\/w-pilon_2-spiritual.png 106w, https:\/\/wellington.ro\/wp-content\/uploads\/2015\/08\/w-pilon_2-spiritual-89x300.png 89w\" sizes=\"(max-width: 106px) 100vw, 106px\" \/><\/a><a href=\"\/wellington-programs\/emotional\/\"><img decoding=\"async\" loading=\"lazy\" class=\"aligncenter size-full wp-image-16021 pilon-emotional\" src=\"http:\/\/wellington.ro\/wp-content\/uploads\/2015\/08\/w-pilon_3-emotional.png\" alt=\"w-pilon_3-emotional\" width=\"106\" height=\"356\" srcset=\"https:\/\/wellington.ro\/wp-content\/uploads\/2015\/08\/w-pilon_3-emotional.png 106w, https:\/\/wellington.ro\/wp-content\/uploads\/2015\/08\/w-pilon_3-emotional-89x300.png 89w\" sizes=\"(max-width: 106px) 100vw, 106px\" \/><\/a><a href=\"\/wellington-programs\/environmental\/\"><img decoding=\"async\" loading=\"lazy\" class=\"aligncenter size-full wp-image-16022 pilon-evironmental\" src=\"http:\/\/wellington.ro\/wp-content\/uploads\/2015\/08\/w-pilon_4-environmental.png\" alt=\"w-pilon_4-environmental\" width=\"106\" height=\"356\" srcset=\"https:\/\/wellington.ro\/wp-content\/uploads\/2015\/08\/w-pilon_4-environmental.png 106w, https:\/\/wellington.ro\/wp-content\/uploads\/2015\/08\/w-pilon_4-environmental-89x300.png 89w\" sizes=\"(max-width: 106px) 100vw, 106px\" \/><\/a><a href=\"\/wellington-programs\/financial\/\"><img decoding=\"async\" loading=\"lazy\" class=\"aligncenter size-full wp-image-16023 pilon-financial\" src=\"http:\/\/wellington.ro\/wp-content\/uploads\/2015\/08\/w-pilon_5-financial.png\" alt=\"w-pilon_5-financial\" width=\"106\" height=\"356\" srcset=\"https:\/\/wellington.ro\/wp-content\/uploads\/2015\/08\/w-pilon_5-financial.png 106w, https:\/\/wellington.ro\/wp-content\/uploads\/2015\/08\/w-pilon_5-financial-89x300.png 89w\" sizes=\"(max-width: 106px) 100vw, 106px\" \/><\/a><a href=\"\/wellington-programs\/intellectual\/\"><img decoding=\"async\" loading=\"lazy\" class=\"aligncenter size-full wp-image-16024 pilon-intellectual\" src=\"http:\/\/wellington.ro\/wp-content\/uploads\/2015\/08\/w-pilon_6-intellectual.png\" alt=\"w-pilon_6-intellectual\" width=\"106\" height=\"356\" srcset=\"https:\/\/wellington.ro\/wp-content\/uploads\/2015\/08\/w-pilon_6-intellectual.png 106w, https:\/\/wellington.ro\/wp-content\/uploads\/2015\/08\/w-pilon_6-intellectual-89x300.png 89w\" sizes=\"(max-width: 106px) 100vw, 106px\" \/><\/a><a href=\"\/wellington-programs\/social\/\"><img decoding=\"async\" loading=\"lazy\" class=\"aligncenter size-full wp-image-16025 pilon-social\" src=\"http:\/\/wellington.ro\/wp-content\/uploads\/2015\/08\/w-pilon_7-social.png\" alt=\"w-pilon_7-social\" width=\"106\" height=\"356\" srcset=\"https:\/\/wellington.ro\/wp-content\/uploads\/2015\/08\/w-pilon_7-social.png 106w, https:\/\/wellington.ro\/wp-content\/uploads\/2015\/08\/w-pilon_7-social-89x300.png 89w\" sizes=\"(max-width: 106px) 100vw, 106px\" \/><\/a><\/div>\n<p>[\/vc_column_text][\/vc_column][\/vc_row][vc_row][vc_column width=&#8221;1\/1&#8243; el_class=&#8221;testimoniale&#8221; css=&#8221;.vc_custom_1439997658272{padding-top: 15px !important;padding-bottom: 15px !important;}&#8221;][vc_column_text]<\/p>\n<h3 style=\"text-align: center;\">What our customers say<\/h3>\n<p>[\/vc_column_text]<div class='testimonials_holder clearfix dark'><div class=\"testimonials testimonials_carousel\" data-show-navigation=\"yes\" data-animation-type=\"fade\" data-animation-speed=\"\" data-auto-rotate-slides=\"3\"><ul class=\"slides\"><li id=\"testimonials16144\" class=\"testimonial_content\"><div class=\"testimonial_content_inner\"><div class=\"testimonial_text_holder\"><div class=\"testimonial_text_inner\" style=\"\"><p>\"We Thank Wellington on behalf of the Management and all the people of UniCredit Consumer Financing IFN. We wish them good health and to continue to contribute with their business to the good balanced life of people and to the fruitful and sustainable business of the companies.\"<\/p><p class=\"testimonial_author\" style=\"\"> Stanimira Georgieva<span class=\"author_company_divider\"> - <\/span><span class=\"author_company\">Head of HR and Vice President, UniCredit Consumer Financing<\/span><\/p><\/div><\/div><\/div><\/li><li id=\"testimonials16143\" class=\"testimonial_content\"><div class=\"testimonial_content_inner\"><div class=\"testimonial_text_holder\"><div class=\"testimonial_text_inner\" style=\"\"><p>\u201cThe Wellington team always answers our requests in a timely and creative manner, they always bring new ideas that they manage to apply with a positive impact over the participants. We started from office massage and we came to organize internal events together, such as the Health Week, and external events \u2013 sports competitions and CSR activities.\u201d<\/p><p class=\"testimonial_author\" style=\"\">Andrei Ro\u0219u<span class=\"author_company_divider\"> - <\/span><span class=\"author_company\">Strategy & Management Consultant, UniCredit Leasing Corporation<\/span><\/p><\/div><\/div><\/div><\/li><li id=\"testimonials16142\" class=\"testimonial_content\"><div class=\"testimonial_content_inner\"><div class=\"testimonial_text_holder\"><div class=\"testimonial_text_inner\" style=\"\"><p>\u201cWe discovered a professional, flexible and passionate team. We are pleased to remember each event we organized together. To us, Wellington is not only a working partner, but also a good friend.\u201d<\/p><p class=\"testimonial_author\" style=\"\">Echipa RStyle<span class=\"author_company_divider\"> - <\/span><span class=\"author_company\">Raiffeisen Bank<\/span><\/p><\/div><\/div><\/div><\/li><li id=\"testimonials16141\" class=\"testimonial_content\"><div class=\"testimonial_content_inner\"><div class=\"testimonial_text_holder\"><div class=\"testimonial_text_inner\" style=\"\"><p>\"Am \u00eenceput, ca mul\u021bi al\u021bii cu faimoasele masaje, \u00eens\u0103 am ajuns s\u0103 organiz\u0103m evenimente minunate \u00eempreun\u0103. Wellbeing-ul \u00eencepe s\u0103 fie \u00een obiectivele fiec\u0103rei companii, iar proiectele preg\u0103tite cu grij\u0103 de Wellington pot fi o solu\u021bie frumoas\u0103 pentru ideile \u0219i dorin\u021bele angaja\u021bilor no\u0219tri.\"<\/p><p class=\"testimonial_author\" style=\"\">Miruna Andreescu<span class=\"author_company_divider\"> - <\/span><span class=\"author_company\">HR Business Partner, Avon Cosmetics<\/span><\/p><\/div><\/div><\/div><\/li><\/ul><\/div><\/div>[\/vc_column][\/vc_row][vc_row row_type=&#8221;row&#8221; use_row_as_full_screen_section=&#8221;no&#8221; type=&#8221;full_width&#8221; text_align=&#8221;left&#8221; background_image_as_pattern=&#8221;without_pattern&#8221;][vc_column width=&#8221;1\/1&#8243; el_class=&#8221;form-oferta&#8221; css=&#8221;.vc_custom_1441700597918{padding-top: 15px !important;padding-bottom: 30px !important;}&#8221;][vc_column_text]<\/p>\n<h3 style=\"text-align: center;\">Request an offer<\/h3>\n<div class=\"wpcf7 no-js\" id=\"wpcf7-f16473-o1\" lang=\"en-US\" dir=\"ltr\">\n<div class=\"screen-reader-response\"><p role=\"status\" aria-live=\"polite\" aria-atomic=\"true\"><\/p> <ul><\/ul><\/div>\n<form action=\"\/en\/wp-json\/wp\/v2\/pages\/15928#wpcf7-f16473-o1\" method=\"post\" class=\"wpcf7-form init\" aria-label=\"Contact form\" novalidate=\"novalidate\" data-status=\"init\">\n<div style=\"display: none;\">\n<input type=\"hidden\" name=\"_wpcf7\" value=\"16473\" \/>\n<input type=\"hidden\" name=\"_wpcf7_version\" value=\"5.9.8\" \/>\n<input type=\"hidden\" name=\"_wpcf7_locale\" value=\"en_US\" \/>\n<input type=\"hidden\" name=\"_wpcf7_unit_tag\" value=\"wpcf7-f16473-o1\" \/>\n<input type=\"hidden\" name=\"_wpcf7_container_post\" value=\"0\" \/>\n<input type=\"hidden\" name=\"_wpcf7_posted_data_hash\" value=\"\" \/>\n<input type=\"hidden\" name=\"_wpcf7_recaptcha_response\" value=\"\" \/>\n<\/div>\n<p>Name\n<\/p>\n<p><span class=\"wpcf7-form-control-wrap\" data-name=\"your-name\"><input size=\"40\" maxlength=\"400\" class=\"wpcf7-form-control wpcf7-text wpcf7-validates-as-required\" aria-required=\"true\" aria-invalid=\"false\" value=\"\" type=\"text\" name=\"your-name\" \/><\/span>\n<\/p>\n<p>Email\n<\/p>\n<p><span class=\"wpcf7-form-control-wrap\" data-name=\"your-email\"><input size=\"40\" maxlength=\"400\" class=\"wpcf7-form-control wpcf7-email wpcf7-validates-as-required wpcf7-text wpcf7-validates-as-email\" aria-required=\"true\" aria-invalid=\"false\" value=\"\" type=\"email\" name=\"your-email\" \/><\/span>\n<\/p>\n<p>Message\n<\/p>\n<p><span class=\"wpcf7-form-control-wrap\" data-name=\"your-message\"><textarea cols=\"40\" rows=\"10\" maxlength=\"2000\" class=\"wpcf7-form-control wpcf7-textarea\" aria-invalid=\"false\" name=\"your-message\"><\/textarea><\/span>\n<\/p>\n<p><input class=\"wpcf7-form-control wpcf7-submit has-spinner\" type=\"submit\" value=\"Request an offer\" \/>\n<\/p><div class=\"wpcf7-response-output\" aria-hidden=\"true\"><\/div>\n<\/form>\n<\/div>\n[\/vc_column_text][\/vc_column][\/vc_row][vc_row row_type=&#8221;row&#8221; use_row_as_full_screen_section=&#8221;no&#8221; type=&#8221;full_width&#8221; text_align=&#8221;left&#8221; background_image_as_pattern=&#8221;without_pattern&#8221;][vc_column width=&#8221;1\/1&#8243; el_class=&#8221;newsletter&#8221; css=&#8221;.vc_custom_1441700603452{padding-top: 15px !important;padding-bottom: 30px !important;}&#8221;][vc_column_text]<\/p>\n<h3 style=\"text-align: center;\">Keep up with the news<\/h3>\n<div class=\"wpcf7 no-js\" id=\"wpcf7-f16487-o2\" lang=\"en-US\" dir=\"ltr\">\n<div class=\"screen-reader-response\"><p role=\"status\" aria-live=\"polite\" aria-atomic=\"true\"><\/p> <ul><\/ul><\/div>\n<form action=\"\/en\/wp-json\/wp\/v2\/pages\/15928#wpcf7-f16487-o2\" method=\"post\" class=\"wpcf7-form init\" aria-label=\"Contact form\" novalidate=\"novalidate\" data-status=\"init\">\n<div style=\"display: none;\">\n<input type=\"hidden\" name=\"_wpcf7\" value=\"16487\" \/>\n<input type=\"hidden\" name=\"_wpcf7_version\" value=\"5.9.8\" \/>\n<input type=\"hidden\" name=\"_wpcf7_locale\" value=\"en_US\" \/>\n<input type=\"hidden\" name=\"_wpcf7_unit_tag\" value=\"wpcf7-f16487-o2\" \/>\n<input type=\"hidden\" name=\"_wpcf7_container_post\" value=\"0\" \/>\n<input type=\"hidden\" name=\"_wpcf7_posted_data_hash\" value=\"\" \/>\n<input type=\"hidden\" name=\"_wpcf7_recaptcha_response\" value=\"\" \/>\n<\/div>\n<p>Email\n<\/p>\n<p><span class=\"wpcf7-form-control-wrap\" data-name=\"your-email\"><input size=\"40\" maxlength=\"400\" class=\"wpcf7-form-control wpcf7-email wpcf7-validates-as-required wpcf7-text wpcf7-validates-as-email\" aria-required=\"true\" aria-invalid=\"false\" value=\"\" type=\"email\" name=\"your-email\" \/><\/span>\n<\/p>\n<p>Name\n<\/p>\n<p><span class=\"wpcf7-form-control-wrap\" data-name=\"nume\"><input size=\"40\" maxlength=\"400\" class=\"wpcf7-form-control wpcf7-text wpcf7-validates-as-required\" aria-required=\"true\" aria-invalid=\"false\" value=\"\" type=\"text\" name=\"nume\" \/><\/span>\n<\/p>\n<p>Position\n<\/p>\n<p><span class=\"wpcf7-form-control-wrap\" data-name=\"functie\"><input size=\"40\" maxlength=\"400\" class=\"wpcf7-form-control wpcf7-text wpcf7-validates-as-required\" aria-required=\"true\" aria-invalid=\"false\" value=\"\" type=\"text\" name=\"functie\" \/><\/span>\n<\/p>\n<p>Company\n<\/p>\n<p><span class=\"wpcf7-form-control-wrap\" data-name=\"companie\"><input size=\"40\" maxlength=\"400\" class=\"wpcf7-form-control wpcf7-text wpcf7-validates-as-required\" aria-required=\"true\" aria-invalid=\"false\" value=\"\" type=\"text\" name=\"companie\" \/><\/span>\n<\/p>\n<p><input class=\"wpcf7-form-control wpcf7-submit has-spinner\" type=\"submit\" value=\"Subscribe\" \/>\n<\/p><div class=\"wpcf7-response-output\" aria-hidden=\"true\"><\/div>\n<\/form>\n<\/div>\n[\/vc_column_text][\/vc_column][\/vc_row]<\/p>\n","protected":false},"excerpt":{"rendered":"<p>[vc_row el_class=&#8221;hero-section&#8221; row_type=&#8221;row&#8221; use_row_as_full_screen_section=&#8221;no&#8221; type=&#8221;full_width&#8221; text_align=&#8221;left&#8221; background_image_as_pattern=&#8221;without_pattern&#8221; background_color=&#8221;#ffffff&#8221;][vc_column width=&#8221;1\/1&#8243;][vc_single_image image=&#8221;15982&#8243; alignment=&#8221;center&#8221; border_color=&#8221;grey&#8221; img_link_target=&#8221;_self&#8221; img_size=&#8221;full&#8221;][\/vc_column][\/vc_row][vc_row row_type=&#8221;row&#8221; use_row_as_full_screen_section=&#8221;no&#8221; type=&#8221;full_width&#8221; text_align=&#8221;left&#8221; background_image_as_pattern=&#8221;without_pattern&#8221; background_color=&#8221;#ffffff&#8221;][vc_column width=&#8221;1\/1&#8243; css=&#8221;.vc_custom_1441700582620{padding-top: 30px !important;padding-bottom: 15px !important;}&#8221;][vc_column_text] Spiritual [\/vc_column_text][vc_column_text el_class=&#8221;first&#8221;]Exploring spirituality is a unique and special process for each individual. Unfortunately, the human spirit is often&#8230;<\/p>\n","protected":false},"author":1,"featured_media":0,"parent":15576,"menu_order":0,"comment_status":"open","ping_status":"open","template":"full_width.php","meta":{"footnotes":""},"_links":{"self":[{"href":"https:\/\/wellington.ro\/en\/wp-json\/wp\/v2\/pages\/15928"}],"collection":[{"href":"https:\/\/wellington.ro\/en\/wp-json\/wp\/v2\/pages"}],"about":[{"href":"https:\/\/wellington.ro\/en\/wp-json\/wp\/v2\/types\/page"}],"author":[{"embeddable":true,"href":"https:\/\/wellington.ro\/en\/wp-json\/wp\/v2\/users\/1"}],"replies":[{"embeddable":true,"href":"https:\/\/wellington.ro\/en\/wp-json\/wp\/v2\/comments?post=15928"}],"version-history":[{"count":11,"href":"https:\/\/wellington.ro\/en\/wp-json\/wp\/v2\/pages\/15928\/revisions"}],"predecessor-version":[{"id":16497,"href":"https:\/\/wellington.ro\/en\/wp-json\/wp\/v2\/pages\/15928\/revisions\/16497"}],"up":[{"embeddable":true,"href":"https:\/\/wellington.ro\/en\/wp-json\/wp\/v2\/pages\/15576"}],"wp:attachment":[{"href":"https:\/\/wellington.ro\/en\/wp-json\/wp\/v2\/media?parent=15928"}],"curies":[{"name":"wp","href":"https:\/\/api.w.org\/{rel}","templated":true}]}}