{"id":15619,"date":"2015-08-10T13:12:53","date_gmt":"2015-08-10T13:12:53","guid":{"rendered":"http:\/\/wellington.ro\/?page_id=15619"},"modified":"2018-06-18T22:38:56","modified_gmt":"2018-06-18T22:38:56","slug":"careers","status":"publish","type":"page","link":"https:\/\/wellington.ro\/en\/careers\/","title":{"rendered":"Careers"},"content":{"rendered":"<p>[vc_row][vc_column width=&#8221;1\/1&#8243;][vc_column_text]<\/p>\n<h1 style=\"text-align: center;\">Cariere<\/h1>\n<p>[\/vc_column_text][\/vc_column][\/vc_row][vc_row][vc_column width=&#8221;1\/2&#8243;][vc_accordion style=&#8221;accordion&#8221;][vc_accordion_tab title=&#8221;On-Site Chair Massage&#8221;][vc_column_text]<strong>Scopul postului:<\/strong><\/p>\n<p>Prestarea serviciilor de On-Site Chair Massage (Masaj, programe Wellness, la cel mai \u00eenalt nivel de pe pia\u021b\u0103.<\/p>\n<p><strong>Responsabilit\u0103\u021bile postului:<\/strong><\/p>\n<ul>\n<li>Presteaz\u0103 serviciul de masaj pentru clien\u021bii companiei conform procedurilor \u0219i standardelor Max Relax;<\/li>\n<li>Are o atitudine proactiv\u0103, cu scopul de a identifica nevoile clien\u021bilor \u0219i pentru a le oferi cu promptitudine informa\u021bii complete \u0219i corecte despre afec\u021biunile lor \u0219i serviciile companiei;<\/li>\n<li>Solu\u021bioneaz\u0103 problemele clien\u021bilor \u00een conformitate cu procedurile Max Relax, cu scopul de a fideliza clien\u021bii;<\/li>\n<li>Este la curent cu procedurile \u0219i inform\u0103rile Max Relax cu scopul de a men\u021bine nivelul de cuno\u0219tin\u021be necesar pentru desf\u0103\u0219urarea activit\u0103\u021bii de kinetoterapeut-maseur;<\/li>\n<li>Completeaz\u0103 formulare \u0219i rapoarte standard conform procedurilor departamentului \u0219i informeaz\u0103 superiorul ierarhic asupra activit\u0103\u021bii desf\u0103\u0219urate, rezultatele ob\u021binute, problemele care au ap\u0103rut \u0219i pot ap\u0103rea;<\/li>\n<li>Efectueaz\u0103 alte sarcini de serviciu trasate de superiorul direct cu scopul de a men\u021bine standardele de calitate stabilite.<\/li>\n<\/ul>\n<p style=\"margin-bottom: 0;\"><strong>Noi i\u0163i oferim:<\/strong><\/p>\n<ul>\n<li>Posibilitatea de a lucra \u00eentr-o echip\u0103 t\u00e2n\u0103r\u0103, dinamic\u0103 \u0219i motivat\u0103;<\/li>\n<li>Un loc de munc\u0103 stabil \u00eentr-un ambient modern.<\/li>\n<li>Dezvoltare personal\u0103 \u0219i profesional\u0103 continu\u0103 \u00een cadrul companiei.<\/li>\n<li>Salariu motivant.<\/li>\n<li>Team building-uri.<\/li>\n<\/ul>\n<p>[\/vc_column_text][\/vc_accordion_tab][vc_accordion_tab title=&#8221;Events Assistant&#8221;][vc_column_text]<strong>Tip job: full-time<br \/>\nNivel job: 0 &#8211; 1 an experien\u021b\u0103<br \/>\nOra\u0219: BUCURE\u0218TI<\/strong><\/p>\n<p><strong>Cerin\u021be:<\/strong><br \/>\n&#8211; Experien\u021b\u0103 de minim 6 luni \u00een domeniul organiz\u0103rii de evenimente<br \/>\n&#8211; Abilit\u0103\u021bi foarte bune de comunicare, negociere, organizare \u0219i coordonare<br \/>\n&#8211; Capacitate de efort sus\u021binut \u0219i sim\u021b practic<br \/>\n&#8211; Carnet de conducere categoria B<br \/>\n&#8211; Dispus la deplas\u0103ri<br \/>\n&#8211; Cunoa\u0219terea limbii engleze (nivel mediu).<\/p>\n<p><strong>Cum ne dorim s\u0103 fii?<\/strong><br \/>\n&#8211; Harnic, proactiv, dinamic<br \/>\n&#8211; Serios, punctual, responsabil<br \/>\n&#8211; Rezistent la stres \u0219i usor adaptabil la situa\u021bii noi<br \/>\n&#8211; Sim\u021bul umorului bine dezvoltat<br \/>\n&#8211; Implicat \u0219i cu spirit de echip\u0103<\/p>\n<p><strong>Responsabilit\u0103\u021bi:<\/strong><br \/>\n&#8211; Implementarea evenimentelor de wellness la sediile clien\u021bilor din Bucuresti \u0219i, ocazional, din \u021bar\u0103<br \/>\n&#8211; C\u0103utarea furnizorilor, negocierea condi\u021biilor de colaborare cu ace\u0219tia \u0219i gestionarea \/ supravegherea derul\u0103rii contractuale cu ace\u0219tia<br \/>\n&#8211; Realizarea de prezent\u0103ri pentru serviciile \u0219i produsele companiei<br \/>\n&#8211; Activit\u0103\u021bi de follow-up \u0219i logistic\u0103.[\/vc_column_text][\/vc_accordion_tab][\/vc_accordion][\/vc_column][vc_column width=&#8221;1\/2&#8243;][vc_column_text]<\/p>\n<h3>Aplic\u0103 aici<\/h3>\n<div class=\"wpcf7 no-js\" id=\"wpcf7-f16005-o1\" lang=\"ro-RO\" dir=\"ltr\">\n<div class=\"screen-reader-response\"><p role=\"status\" aria-live=\"polite\" aria-atomic=\"true\"><\/p> <ul><\/ul><\/div>\n<form action=\"\/en\/wp-json\/wp\/v2\/pages\/15619#wpcf7-f16005-o1\" method=\"post\" class=\"wpcf7-form init\" aria-label=\"Formular de contact\" enctype=\"multipart\/form-data\" novalidate=\"novalidate\" data-status=\"init\">\n<div style=\"display: none;\">\n<input type=\"hidden\" name=\"_wpcf7\" value=\"16005\" \/>\n<input type=\"hidden\" name=\"_wpcf7_version\" value=\"5.9.8\" \/>\n<input type=\"hidden\" name=\"_wpcf7_locale\" value=\"ro_RO\" \/>\n<input type=\"hidden\" name=\"_wpcf7_unit_tag\" value=\"wpcf7-f16005-o1\" \/>\n<input type=\"hidden\" name=\"_wpcf7_container_post\" value=\"0\" \/>\n<input type=\"hidden\" name=\"_wpcf7_posted_data_hash\" value=\"\" \/>\n<input type=\"hidden\" name=\"_wpcf7_recaptcha_response\" value=\"\" \/>\n<\/div>\n<p>Numele*\n<\/p>\n<p><span class=\"wpcf7-form-control-wrap\" data-name=\"your-name\"><input size=\"40\" maxlength=\"400\" class=\"wpcf7-form-control wpcf7-text wpcf7-validates-as-required\" aria-required=\"true\" aria-invalid=\"false\" value=\"\" type=\"text\" name=\"your-name\" \/><\/span>\n<\/p>\n<p>Adresa de email*\n<\/p>\n<p><span class=\"wpcf7-form-control-wrap\" data-name=\"your-email\"><input size=\"40\" maxlength=\"400\" class=\"wpcf7-form-control wpcf7-email wpcf7-validates-as-required wpcf7-text wpcf7-validates-as-email\" aria-required=\"true\" aria-invalid=\"false\" value=\"\" type=\"email\" name=\"your-email\" \/><\/span>\n<\/p>\n<p>Upload CV<br \/>\nFisierul incarcat trebuie sa fie in format PDF sau WORD.\n<\/p>\n<p><span class=\"wpcf7-form-control-wrap\" data-name=\"uploadcv\"><input size=\"40\" class=\"wpcf7-form-control wpcf7-file wpcf7-validates-as-required\" accept=\".doc,.pdf\" aria-required=\"true\" aria-invalid=\"false\" type=\"file\" name=\"uploadcv\" \/><\/span>\n<\/p>\n<p><input class=\"wpcf7-form-control wpcf7-submit has-spinner\" type=\"submit\" value=\"Trimite aplicatia\" \/>\n<\/p><div class=\"wpcf7-response-output\" aria-hidden=\"true\"><\/div>\n<\/form>\n<\/div>\n[\/vc_column_text][\/vc_column][\/vc_row][vc_row][vc_column width=&#8221;1\/1&#8243;][vc_separator type=&#8221;transparent&#8221; position=&#8221;center&#8221; up=&#8221;20&#8243; down=&#8221;30&#8243;][\/vc_column][\/vc_row]<\/p>\n","protected":false},"excerpt":{"rendered":"<p>[vc_row][vc_column width=&#8221;1\/1&#8243;][vc_column_text] Cariere [\/vc_column_text][\/vc_column][\/vc_row][vc_row][vc_column width=&#8221;1\/2&#8243;][vc_accordion style=&#8221;accordion&#8221;][vc_accordion_tab title=&#8221;On-Site Chair Massage&#8221;][vc_column_text]Scopul postului: Prestarea serviciilor de On-Site Chair Massage (Masaj, programe Wellness, la cel mai \u00eenalt nivel de pe pia\u021b\u0103. Responsabilit\u0103\u021bile postului: Presteaz\u0103 serviciul de masaj pentru clien\u021bii companiei conform procedurilor \u0219i standardelor Max Relax; Are o atitudine&#8230;<\/p>\n","protected":false},"author":1,"featured_media":0,"parent":0,"menu_order":0,"comment_status":"open","ping_status":"open","template":"","meta":{"footnotes":""},"_links":{"self":[{"href":"https:\/\/wellington.ro\/en\/wp-json\/wp\/v2\/pages\/15619"}],"collection":[{"href":"https:\/\/wellington.ro\/en\/wp-json\/wp\/v2\/pages"}],"about":[{"href":"https:\/\/wellington.ro\/en\/wp-json\/wp\/v2\/types\/page"}],"author":[{"embeddable":true,"href":"https:\/\/wellington.ro\/en\/wp-json\/wp\/v2\/users\/1"}],"replies":[{"embeddable":true,"href":"https:\/\/wellington.ro\/en\/wp-json\/wp\/v2\/comments?post=15619"}],"version-history":[{"count":27,"href":"https:\/\/wellington.ro\/en\/wp-json\/wp\/v2\/pages\/15619\/revisions"}],"predecessor-version":[{"id":17212,"href":"https:\/\/wellington.ro\/en\/wp-json\/wp\/v2\/pages\/15619\/revisions\/17212"}],"wp:attachment":[{"href":"https:\/\/wellington.ro\/en\/wp-json\/wp\/v2\/media?parent=15619"}],"curies":[{"name":"wp","href":"https:\/\/api.w.org\/{rel}","templated":true}]}}