{"id":15576,"date":"2015-08-10T10:42:54","date_gmt":"2015-08-10T10:42:54","guid":{"rendered":"http:\/\/wellington.ro\/?page_id=15576"},"modified":"2019-03-22T11:22:57","modified_gmt":"2019-03-22T11:22:57","slug":"wellington-programs-2","status":"publish","type":"page","link":"https:\/\/wellington.ro\/en\/wellington-programs-2\/","title":{"rendered":"Wellington Programs"},"content":{"rendered":"<p>[vc_row el_class=&#8221;hero-section&#8221; row_type=&#8221;row&#8221; use_row_as_full_screen_section=&#8221;no&#8221; type=&#8221;full_width&#8221; text_align=&#8221;left&#8221; background_image_as_pattern=&#8221;without_pattern&#8221;][vc_column width=&#8221;1\/1&#8243;][vc_single_image image=&#8221;16325&#8243; alignment=&#8221;center&#8221; border_color=&#8221;grey&#8221; img_link_target=&#8221;_self&#8221; img_size=&#8221;full&#8221;][\/vc_column][\/vc_row][vc_row row_type=&#8221;row&#8221; use_row_as_full_screen_section=&#8221;no&#8221; type=&#8221;full_width&#8221; text_align=&#8221;left&#8221; background_image_as_pattern=&#8221;without_pattern&#8221; background_color=&#8221;#ffffff&#8221;][vc_column width=&#8221;1\/1&#8243; css=&#8221;.vc_custom_1441700305634{padding-top: 30px !important;padding-bottom: 15px !important;}&#8221;][vc_column_text]<\/p>\n<h1 style=\"text-align: center;\">Wellington Programs<\/h1>\n<p>[\/vc_column_text][\/vc_column][\/vc_row][vc_row row_type=&#8221;row&#8221; use_row_as_full_screen_section=&#8221;no&#8221; type=&#8221;full_width&#8221; text_align=&#8221;left&#8221; background_image_as_pattern=&#8221;without_pattern&#8221;][vc_column width=&#8221;1\/1&#8243; el_class=&#8221;programe-lista&#8221; css=&#8221;.vc_custom_1441700313829{padding-top: 15px !important;padding-bottom: 15px !important;}&#8221;][vc_row_inner row_type=&#8221;row&#8221; type=&#8221;full_width&#8221; text_align=&#8221;left&#8221; el_class=&#8221;program program1&#8243;][vc_column_inner width=&#8221;1\/3&#8243; el_class=&#8221;program-text&#8221; css=&#8221;.vc_custom_1439997082643{padding-right: 15px !important;}&#8221;][vc_column_text]<\/p>\n<h4>physical<\/h4>\n<p>Biometric evaluations, nutrition, physical exercises, gymnastics prevention<\/p>\n<p><a class=\"qbutton  center\" href=\"http:\/\/wellington.ro\/wellington-programs\/physical\/\">Do well<\/a>[\/vc_column_text][\/vc_column_inner][vc_column_inner width=&#8221;2\/3&#8243; css=&#8221;.vc_custom_1439997331245{padding-left: 15px !important;}&#8221;]<div class=\"image_with_text\"><img src=\"https:\/\/wellington.ro\/wp-content\/uploads\/2015\/08\/physical2.jpg\" alt=\"\" \/><h3 ><\/h3><span style=\"margin: 6px 0px;\" class=\"separator transparent\"><\/span><\/div>[\/vc_column_inner][\/vc_row_inner][vc_row_inner row_type=&#8221;row&#8221; type=&#8221;full_width&#8221; text_align=&#8221;left&#8221; el_class=&#8221;program program2&#8243;][vc_column_inner width=&#8221;2\/3&#8243; css=&#8221;.vc_custom_1440021538780{padding-right: 15px !important;}&#8221;]<div class=\"image_with_text\"><img src=\"https:\/\/wellington.ro\/wp-content\/uploads\/2015\/08\/spiritual1.jpg\" alt=\"\" \/><h3 ><\/h3><span style=\"margin: 6px 0px;\" class=\"separator transparent\"><\/span><\/div>[\/vc_column_inner][vc_column_inner width=&#8221;1\/3&#8243; css=&#8221;.vc_custom_1440021542988{padding-left: 15px !important;}&#8221; el_class=&#8221;program-text&#8221;][vc_column_text]<\/p>\n<h4>spiritual<\/h4>\n<p>Meditation, yoga, feng-shui,\u00a0aromatherapy<\/p>\n<p><a class=\"qbutton  center\" href=\"http:\/\/wellington.ro\/wellington-programs\/spiritual\/\">Be Well<\/a>[\/vc_column_text][\/vc_column_inner][\/vc_row_inner][vc_row_inner row_type=&#8221;row&#8221; type=&#8221;full_width&#8221; text_align=&#8221;left&#8221; el_class=&#8221;program program3&#8243;][vc_column_inner width=&#8221;1\/3&#8243; el_class=&#8221;program-text&#8221; css=&#8221;.vc_custom_1439997082643{padding-right: 15px !important;}&#8221;][vc_column_text]<\/p>\n<h4>emotional<\/h4>\n<p>Stress management,\u00a0coaching, work-life balance<\/p>\n<p><a class=\"qbutton  center\" href=\"http:\/\/wellington.ro\/wellington-programs\/emotional\/\">Feel Well<\/a>[\/vc_column_text][\/vc_column_inner][vc_column_inner width=&#8221;2\/3&#8243;]<div class=\"image_with_text\"><img src=\"https:\/\/wellington.ro\/wp-content\/uploads\/2015\/08\/emotional1.jpg\" alt=\"\" \/><h3 ><\/h3><span style=\"margin: 6px 0px;\" class=\"separator transparent\"><\/span><\/div>[\/vc_column_inner][\/vc_row_inner][vc_row_inner row_type=&#8221;row&#8221; type=&#8221;full_width&#8221; text_align=&#8221;left&#8221; el_class=&#8221;program program4&#8243;][vc_column_inner width=&#8221;2\/3&#8243; css=&#8221;.vc_custom_1440021558533{padding-right: 15px !important;}&#8221;]<div class=\"image_with_text\"><img src=\"https:\/\/wellington.ro\/wp-content\/uploads\/2015\/08\/environmental2.jpg\" alt=\"\" \/><h3 ><\/h3><span style=\"margin: 6px 0px;\" class=\"separator transparent\"><\/span><\/div>[\/vc_column_inner][vc_column_inner width=&#8221;1\/3&#8243; css=&#8221;.vc_custom_1440021553531{padding-left: 15px !important;}&#8221; el_class=&#8221;program-text&#8221;][vc_column_text]<\/p>\n<h4>environmental<\/h4>\n<p>Traditional fair with organic products, creative workshop from recycled materials<\/p>\n<p><a class=\"qbutton  center\" href=\"http:\/\/wellington.ro\/wellington-programs\/environmental\/\">Live Well<\/a>[\/vc_column_text][\/vc_column_inner][\/vc_row_inner][vc_row_inner row_type=&#8221;row&#8221; type=&#8221;full_width&#8221; text_align=&#8221;left&#8221; el_class=&#8221;program program5&#8243;][vc_column_inner width=&#8221;1\/3&#8243; el_class=&#8221;program-text&#8221; css=&#8221;.vc_custom_1439997082643{padding-right: 15px !important;}&#8221;][vc_column_text]<\/p>\n<h4>financial<\/h4>\n<p>Education and financial advice<\/p>\n<p><a class=\"qbutton  center\" href=\"http:\/\/wellington.ro\/wellington-programs\/financial\/\">Choose Well<\/a>[\/vc_column_text][\/vc_column_inner][vc_column_inner width=&#8221;2\/3&#8243; css=&#8221;.vc_custom_1439997331245{padding-left: 15px !important;}&#8221;]<div class=\"image_with_text\"><img src=\"https:\/\/wellington.ro\/wp-content\/uploads\/2015\/08\/financial1.jpg\" alt=\"\" \/><h3 ><\/h3><span style=\"margin: 6px 0px;\" class=\"separator transparent\"><\/span><\/div>[\/vc_column_inner][\/vc_row_inner][vc_row_inner row_type=&#8221;row&#8221; type=&#8221;full_width&#8221; text_align=&#8221;left&#8221; el_class=&#8221;program program6&#8243;][vc_column_inner width=&#8221;2\/3&#8243; css=&#8221;.vc_custom_1440021575804{padding-right: 15px !important;}&#8221;]<div class=\"image_with_text\"><img src=\"https:\/\/wellington.ro\/wp-content\/uploads\/2015\/08\/intellectual1.jpg\" alt=\"\" \/><h3 ><\/h3><span style=\"margin: 6px 0px;\" class=\"separator transparent\"><\/span><\/div>[\/vc_column_inner][vc_column_inner width=&#8221;1\/3&#8243; css=&#8221;.vc_custom_1440021563283{padding-left: 15px !important;}&#8221; el_class=&#8221;program-text&#8221;][vc_column_text]<\/p>\n<h4>intellectual<\/h4>\n<p>Creative workshops, dynamic games, hobbies<\/p>\n<p><a class=\"qbutton  center\" href=\"http:\/\/wellington.ro\/wellington-programs\/intellectual\/\">Think Well<\/a>[\/vc_column_text][\/vc_column_inner][\/vc_row_inner][vc_row_inner row_type=&#8221;row&#8221; type=&#8221;full_width&#8221; text_align=&#8221;left&#8221; el_class=&#8221;program program7&#8243;][vc_column_inner width=&#8221;1\/3&#8243; el_class=&#8221;program-text&#8221; css=&#8221;.vc_custom_1439997082643{padding-right: 15px !important;}&#8221;][vc_column_text]<\/p>\n<h4>social<\/h4>\n<p>Parenting workshops,\u00a0conflict management,\u00a0efficient communication<\/p>\n<p><a class=\"qbutton  center\" href=\"http:\/\/wellington.ro\/wellington-programs\/social\/\">Create Well<\/a>[\/vc_column_text][\/vc_column_inner][vc_column_inner width=&#8221;2\/3&#8243; css=&#8221;.vc_custom_1439997331245{padding-left: 15px !important;}&#8221;]<div class=\"image_with_text\"><img src=\"https:\/\/wellington.ro\/wp-content\/uploads\/2015\/08\/social1.jpg\" alt=\"\" \/><h3 ><\/h3><span style=\"margin: 6px 0px;\" class=\"separator transparent\"><\/span><\/div>[\/vc_column_inner][\/vc_row_inner][\/vc_column][\/vc_row][vc_row][vc_column width=&#8221;1\/1&#8243; el_class=&#8221;pillars&#8221; css=&#8221;.vc_custom_1439997652010{padding-top: 15px !important;padding-bottom: 15px !important;}&#8221;][vc_column_text el_class=&#8221;first&#8221;]<\/p>\n<p style=\"text-align: left;\">Discover the Wellington programs, especially designed and customized for employees\u2019 wellbeing. And remember, the keyword is \u201cOn-Site\u201d!<\/p>\n<p>[\/vc_column_text][vc_column_text]We offer consultancy to our partners, together we identify the employees\u2019 needs, then we organize activities for them right on the company premises. We deliver a \u201cturnkey\u201d project and we take over the responsibility of its organization.<\/p>\n<p>The customized activities are combined to match each customer\u2019s needs into wellness programs running on longer periods of time. We provide support in choosing the best package for most benefits.<\/p>\n<p>All programs are supported by an online platform that facilitates employees\u2019 information, access to activities, and the management of appointments.[\/vc_column_text][vc_column_text]<\/p>\n<h2 style=\"text-align: center;\">The Wellington programs are based on 7 pillars:<\/h2>\n<p>[\/vc_column_text][vc_column_text]<\/p>\n<div class=\"piloni\"><a href=\"\/wellington-programs\/physical\/\"><img decoding=\"async\" loading=\"lazy\" class=\"aligncenter size-full wp-image-16019\" src=\"http:\/\/wellington.ro\/wp-content\/uploads\/2015\/08\/w-pilon_1-physical.png\" alt=\"w-pilon_1-physical\" width=\"106\" height=\"356\" srcset=\"https:\/\/wellington.ro\/wp-content\/uploads\/2015\/08\/w-pilon_1-physical.png 106w, https:\/\/wellington.ro\/wp-content\/uploads\/2015\/08\/w-pilon_1-physical-89x300.png 89w\" sizes=\"(max-width: 106px) 100vw, 106px\" \/><\/a><a href=\"\/wellington-programs\/spiritual\/\"><img decoding=\"async\" loading=\"lazy\" class=\"aligncenter size-full wp-image-16020 pilon-spiritual\" src=\"http:\/\/wellington.ro\/wp-content\/uploads\/2015\/08\/w-pilon_2-spiritual.png\" alt=\"w-pilon_2-spiritual\" width=\"106\" height=\"356\" srcset=\"https:\/\/wellington.ro\/wp-content\/uploads\/2015\/08\/w-pilon_2-spiritual.png 106w, https:\/\/wellington.ro\/wp-content\/uploads\/2015\/08\/w-pilon_2-spiritual-89x300.png 89w\" sizes=\"(max-width: 106px) 100vw, 106px\" \/><\/a><a href=\"\/wellington-programs\/emotional\/\"><img decoding=\"async\" loading=\"lazy\" class=\"aligncenter size-full wp-image-16021 pilon-emotional\" src=\"http:\/\/wellington.ro\/wp-content\/uploads\/2015\/08\/w-pilon_3-emotional.png\" alt=\"w-pilon_3-emotional\" width=\"106\" height=\"356\" srcset=\"https:\/\/wellington.ro\/wp-content\/uploads\/2015\/08\/w-pilon_3-emotional.png 106w, https:\/\/wellington.ro\/wp-content\/uploads\/2015\/08\/w-pilon_3-emotional-89x300.png 89w\" sizes=\"(max-width: 106px) 100vw, 106px\" \/><\/a><a href=\"\/wellington-programs\/environmental\/\"><img decoding=\"async\" loading=\"lazy\" class=\"aligncenter size-full wp-image-16022 pilon-evironmental\" src=\"http:\/\/wellington.ro\/wp-content\/uploads\/2015\/08\/w-pilon_4-environmental.png\" alt=\"w-pilon_4-environmental\" width=\"106\" height=\"356\" srcset=\"https:\/\/wellington.ro\/wp-content\/uploads\/2015\/08\/w-pilon_4-environmental.png 106w, https:\/\/wellington.ro\/wp-content\/uploads\/2015\/08\/w-pilon_4-environmental-89x300.png 89w\" sizes=\"(max-width: 106px) 100vw, 106px\" \/><\/a><a href=\"\/wellington-programs\/financial\/\"><img decoding=\"async\" loading=\"lazy\" class=\"aligncenter size-full wp-image-16023 pilon-financial\" src=\"http:\/\/wellington.ro\/wp-content\/uploads\/2015\/08\/w-pilon_5-financial.png\" alt=\"w-pilon_5-financial\" width=\"106\" height=\"356\" srcset=\"https:\/\/wellington.ro\/wp-content\/uploads\/2015\/08\/w-pilon_5-financial.png 106w, https:\/\/wellington.ro\/wp-content\/uploads\/2015\/08\/w-pilon_5-financial-89x300.png 89w\" sizes=\"(max-width: 106px) 100vw, 106px\" \/><\/a><a href=\"\/wellington-programs\/intellectual\/\"><img decoding=\"async\" loading=\"lazy\" class=\"aligncenter size-full wp-image-16024 pilon-intellectual\" src=\"http:\/\/wellington.ro\/wp-content\/uploads\/2015\/08\/w-pilon_6-intellectual.png\" alt=\"w-pilon_6-intellectual\" width=\"106\" height=\"356\" srcset=\"https:\/\/wellington.ro\/wp-content\/uploads\/2015\/08\/w-pilon_6-intellectual.png 106w, https:\/\/wellington.ro\/wp-content\/uploads\/2015\/08\/w-pilon_6-intellectual-89x300.png 89w\" sizes=\"(max-width: 106px) 100vw, 106px\" \/><\/a><a href=\"\/wellington-programs\/social\/\"><img decoding=\"async\" loading=\"lazy\" class=\"aligncenter size-full wp-image-16025 pilon-social\" src=\"http:\/\/wellington.ro\/wp-content\/uploads\/2015\/08\/w-pilon_7-social.png\" alt=\"w-pilon_7-social\" width=\"106\" height=\"356\" srcset=\"https:\/\/wellington.ro\/wp-content\/uploads\/2015\/08\/w-pilon_7-social.png 106w, https:\/\/wellington.ro\/wp-content\/uploads\/2015\/08\/w-pilon_7-social-89x300.png 89w\" sizes=\"(max-width: 106px) 100vw, 106px\" \/><\/a><\/div>\n<p>[\/vc_column_text][\/vc_column][\/vc_row][vc_row][vc_column width=&#8221;1\/1&#8243; el_class=&#8221;testimoniale&#8221; css=&#8221;.vc_custom_1439997658272{padding-top: 15px !important;padding-bottom: 15px !important;}&#8221;][vc_column_text]<\/p>\n<h3 style=\"text-align: center;\">What our customers say<\/h3>\n<p>[\/vc_column_text]<div class='testimonials_holder clearfix dark'><div class=\"testimonials testimonials_carousel\" data-show-navigation=\"yes\" data-animation-type=\"fade\" data-animation-speed=\"\" data-auto-rotate-slides=\"3\"><ul class=\"slides\"><li id=\"testimonials16144\" class=\"testimonial_content\"><div class=\"testimonial_content_inner\"><div class=\"testimonial_text_holder\"><div class=\"testimonial_text_inner\" style=\"\"><p>\"We Thank Wellington on behalf of the Management and all the people of UniCredit Consumer Financing IFN. We wish them good health and to continue to contribute with their business to the good balanced life of people and to the fruitful and sustainable business of the companies.\"<\/p><p class=\"testimonial_author\" style=\"\"> Stanimira Georgieva<span class=\"author_company_divider\"> - <\/span><span class=\"author_company\">Head of HR and Vice President, UniCredit Consumer Financing<\/span><\/p><\/div><\/div><\/div><\/li><li id=\"testimonials16143\" class=\"testimonial_content\"><div class=\"testimonial_content_inner\"><div class=\"testimonial_text_holder\"><div class=\"testimonial_text_inner\" style=\"\"><p>\u201cThe Wellington team always answers our requests in a timely and creative manner, they always bring new ideas that they manage to apply with a positive impact over the participants. We started from office massage and we came to organize internal events together, such as the Health Week, and external events \u2013 sports competitions and CSR activities.\u201d<\/p><p class=\"testimonial_author\" style=\"\">Andrei Ro\u0219u<span class=\"author_company_divider\"> - <\/span><span class=\"author_company\">Strategy & Management Consultant, UniCredit Leasing Corporation<\/span><\/p><\/div><\/div><\/div><\/li><li id=\"testimonials16142\" class=\"testimonial_content\"><div class=\"testimonial_content_inner\"><div class=\"testimonial_text_holder\"><div class=\"testimonial_text_inner\" style=\"\"><p>\u201cWe discovered a professional, flexible and passionate team. We are pleased to remember each event we organized together. To us, Wellington is not only a working partner, but also a good friend.\u201d<\/p><p class=\"testimonial_author\" style=\"\">Echipa RStyle<span class=\"author_company_divider\"> - <\/span><span class=\"author_company\">Raiffeisen Bank<\/span><\/p><\/div><\/div><\/div><\/li><li id=\"testimonials16141\" class=\"testimonial_content\"><div class=\"testimonial_content_inner\"><div class=\"testimonial_text_holder\"><div class=\"testimonial_text_inner\" style=\"\"><p>\"Am \u00eenceput, ca mul\u021bi al\u021bii cu faimoasele masaje, \u00eens\u0103 am ajuns s\u0103 organiz\u0103m evenimente minunate \u00eempreun\u0103. Wellbeing-ul \u00eencepe s\u0103 fie \u00een obiectivele fiec\u0103rei companii, iar proiectele preg\u0103tite cu grij\u0103 de Wellington pot fi o solu\u021bie frumoas\u0103 pentru ideile \u0219i dorin\u021bele angaja\u021bilor no\u0219tri.\"<\/p><p class=\"testimonial_author\" style=\"\">Miruna Andreescu<span class=\"author_company_divider\"> - <\/span><span class=\"author_company\">HR Business Partner, Avon Cosmetics<\/span><\/p><\/div><\/div><\/div><\/li><\/ul><\/div><\/div>[\/vc_column][\/vc_row][vc_row row_type=&#8221;row&#8221; use_row_as_full_screen_section=&#8221;no&#8221; type=&#8221;full_width&#8221; text_align=&#8221;center&#8221; background_image_as_pattern=&#8221;without_pattern&#8221;][vc_column width=&#8221;1\/1&#8243; el_class=&#8221;cere-oferta&#8221; css=&#8221;.vc_custom_1441700389182{padding-top: 15px !important;padding-bottom: 30px !important;}&#8221;]<a href=\"\" target=\"_self\"  class=\"qbutton  big_large center\" style=\"\">Request an personalized offer<\/a>[\/vc_column][\/vc_row]<\/p>\n","protected":false},"excerpt":{"rendered":"<p>[vc_row el_class=&#8221;hero-section&#8221; row_type=&#8221;row&#8221; use_row_as_full_screen_section=&#8221;no&#8221; type=&#8221;full_width&#8221; text_align=&#8221;left&#8221; background_image_as_pattern=&#8221;without_pattern&#8221;][vc_column width=&#8221;1\/1&#8243;][vc_single_image image=&#8221;16325&#8243; alignment=&#8221;center&#8221; border_color=&#8221;grey&#8221; img_link_target=&#8221;_self&#8221; img_size=&#8221;full&#8221;][\/vc_column][\/vc_row][vc_row row_type=&#8221;row&#8221; use_row_as_full_screen_section=&#8221;no&#8221; type=&#8221;full_width&#8221; text_align=&#8221;left&#8221; background_image_as_pattern=&#8221;without_pattern&#8221; background_color=&#8221;#ffffff&#8221;][vc_column width=&#8221;1\/1&#8243; css=&#8221;.vc_custom_1441700305634{padding-top: 30px !important;padding-bottom: 15px !important;}&#8221;][vc_column_text] Wellington Programs [\/vc_column_text][\/vc_column][\/vc_row][vc_row row_type=&#8221;row&#8221; use_row_as_full_screen_section=&#8221;no&#8221; type=&#8221;full_width&#8221; text_align=&#8221;left&#8221; background_image_as_pattern=&#8221;without_pattern&#8221;][vc_column width=&#8221;1\/1&#8243; el_class=&#8221;programe-lista&#8221; css=&#8221;.vc_custom_1441700313829{padding-top: 15px !important;padding-bottom: 15px !important;}&#8221;][vc_row_inner row_type=&#8221;row&#8221; type=&#8221;full_width&#8221; text_align=&#8221;left&#8221; el_class=&#8221;program program1&#8243;][vc_column_inner&#8230;<\/p>\n","protected":false},"author":3,"featured_media":0,"parent":0,"menu_order":0,"comment_status":"closed","ping_status":"closed","template":"full_width.php","meta":{"footnotes":""},"_links":{"self":[{"href":"https:\/\/wellington.ro\/en\/wp-json\/wp\/v2\/pages\/15576"}],"collection":[{"href":"https:\/\/wellington.ro\/en\/wp-json\/wp\/v2\/pages"}],"about":[{"href":"https:\/\/wellington.ro\/en\/wp-json\/wp\/v2\/types\/page"}],"author":[{"embeddable":true,"href":"https:\/\/wellington.ro\/en\/wp-json\/wp\/v2\/users\/3"}],"replies":[{"embeddable":true,"href":"https:\/\/wellington.ro\/en\/wp-json\/wp\/v2\/comments?post=15576"}],"version-history":[{"count":102,"href":"https:\/\/wellington.ro\/en\/wp-json\/wp\/v2\/pages\/15576\/revisions"}],"predecessor-version":[{"id":17456,"href":"https:\/\/wellington.ro\/en\/wp-json\/wp\/v2\/pages\/15576\/revisions\/17456"}],"wp:attachment":[{"href":"https:\/\/wellington.ro\/en\/wp-json\/wp\/v2\/media?parent=15576"}],"curies":[{"name":"wp","href":"https:\/\/api.w.org\/{rel}","templated":true}]}}